{"id":3,"date":"2023-11-28T12:06:08","date_gmt":"2023-11-28T12:06:08","guid":{"rendered":"https:\/\/interfonos-antenas-reparaciones.com\/?page_id=3"},"modified":"2024-05-14T14:35:27","modified_gmt":"2024-05-14T14:35:27","slug":"politica-de-privacidad","status":"publish","type":"page","link":"https:\/\/interfonos-antenas-reparaciones.com\/en\/politica-de-privacidad\/","title":{"rendered":"Pol\u00edtica de Privacidad"},"content":{"rendered":"<p class=\"western\" lang=\"es-ES-u-co-trad\" align=\"justify\"><span style=\"font-family: Calibri, serif;\"><span style=\"font-size: small;\"><span style=\"font-family: Arial, serif;\">Normativa en materia de Protecci\u00f3n de Datos de car\u00e1cter personal y a respetar la privacidad de los Usuarios. El objetivo es ofrecer el mejor servicio al Usuario y para ello es necesario contar con sus datos.<\/span> <\/span><\/span><\/p>\r\n<p class=\"western\" lang=\"es-ES-u-co-trad\" align=\"justify\"><span style=\"font-family: Calibri, serif;\"><span style=\"font-size: small;\"><span style=\"font-family: Arial, serif;\"><u>1. Responsables del Tratamiento<\/u><\/span><\/span><\/span><\/p>\r\n<p class=\"western\">ANTENAS Y VIDEOPORTEROS MARESME, S.L.<\/p>\r\n<p class=\"western\"><span style=\"font-family: Arial, serif;\">NIF: <\/span>B-66.671.967<\/p>\r\n<p class=\"western\" lang=\"es-ES-u-co-trad\" align=\"justify\"><span style=\"font-family: Calibri, serif;\"><span style=\"font-size: small;\"><span style=\"font-family: Arial, serif;\"><span style=\"font-size: large;\"><b>Pol\u00edtica de privacidad.<\/b><\/span><\/span><\/span><\/span><\/p>\r\n<p class=\"western\" lang=\"es-ES-u-co-trad\" align=\"justify\"><span style=\"font-family: Arial, serif;\"><span style=\"font-size: small;\">El Titular se compromete a cumplir con la n<\/span><\/span><\/p>\r\n<p class=\"western\"><span style=\"font-family: Arial, serif;\">Domicilio: <\/span>Almeria, 12 &#8211; local 3 08320 EL MASNOU. (BCN)<\/p>\r\n<p class=\"western\" lang=\"es-ES-u-co-trad\" align=\"justify\"><span style=\"font-family: Calibri, serif;\"><span style=\"font-size: small;\"><span style=\"font-family: Arial, serif;\">Tel\u00e9fono: 93540 90 60<\/span><\/span><\/span><\/p>\r\n<p class=\"western\" lang=\"es-ES-u-co-trad\" align=\"justify\"><span style=\"font-family: Calibri, serif;\"><span style=\"font-size: small;\"><span style=\"font-family: Arial, serif;\"><u>2. Finalidades<\/u><\/span><\/span><\/span><\/p>\r\n<p class=\"western\" lang=\"es-ES-u-co-trad\" align=\"justify\"><span style=\"font-family: Calibri, serif;\"><span style=\"font-size: small;\"><span style=\"font-family: Arial, serif;\"><u>Atenci\u00f3n de consultas<\/u><\/span><span style=\"font-family: Arial, serif;\">: Atender las consultas del Usuario que se ponga en contacto a trav\u00e9s del tel\u00e9fono e email indicados.<\/span><\/span><\/span><\/p>\r\n<p class=\"western\" lang=\"es-ES-u-co-trad\" align=\"justify\"><span style=\"font-family: Calibri, serif;\"><span style=\"font-size: small;\"><span style=\"font-family: Arial, serif;\"><u>3. Legitimaci\u00f3n y conservaci\u00f3n<\/u><\/span><\/span><\/span><\/p>\r\n<p class=\"western\" lang=\"es-ES-u-co-trad\" align=\"justify\"><span style=\"font-family: Calibri, serif;\"><span style=\"font-size: small;\"><span style=\"font-family: Arial, serif;\"><span lang=\"es-ES\">Base jur\u00eddica del tratamiento: Consentimiento otorgado por el Usuario facilitando sus datos de forma voluntaria y aceptando la Pol\u00edtica de Privacidad. <\/span><\/span><\/span><\/span><\/p>\r\n<p class=\"western\" lang=\"es-ES-u-co-trad\" align=\"justify\"><span style=\"font-family: Calibri, serif;\"><span style=\"font-size: small;\"><span style=\"font-family: Arial, serif;\"><span lang=\"es-ES\">En caso de no facilitar los datos necesarios para estas finalidades no ser\u00e1 posible prestarle los servicios. Los datos se conservar\u00e1n mientras se mantenga le relaci\u00f3n y no se solicite su supresi\u00f3n y en cualquier caso en cumplimiento de plazos legales de prescripci\u00f3n que le resulten de aplicaci\u00f3n.<\/span><\/span><\/span><\/span><\/p>\r\n<p class=\"western\" lang=\"es-ES-u-co-trad\" align=\"justify\"><span style=\"font-family: Calibri, serif;\"><span style=\"font-size: small;\"><span style=\"font-family: Arial, serif;\"><span lang=\"es-ES\"><u>4. Cesiones<\/u><\/span><\/span><\/span><\/span><\/p>\r\n<p class=\"western\" lang=\"es-ES-u-co-trad\" align=\"justify\"><span style=\"font-family: Calibri, serif;\"><span style=\"font-size: small;\"><span style=\"font-family: Arial, serif;\"><span lang=\"es-ES\">No se tienen previstas cesiones de los datos recabados a trav\u00e9s de este Sitio Web, salvo que expresamente se indique, en su caso, en el texto informativo correspondiente.<\/span><\/span><\/span><\/span><\/p>\r\n<p class=\"western\" lang=\"es-ES-u-co-trad\" align=\"justify\"><span style=\"font-family: Calibri, serif;\"><span style=\"font-size: small;\"><span style=\"font-family: Arial, serif;\"><span lang=\"es-ES\"><u>5. Derechos de los interesados<\/u><\/span><\/span><\/span><\/span><\/p>\r\n<p class=\"western\" lang=\"es-ES-u-co-trad\" align=\"justify\"><span style=\"font-family: Calibri, serif;\"><span style=\"font-size: small;\"><span style=\"font-family: Arial, serif;\"><span lang=\"es-ES\">Los Usuarios pueden ejercitar sus derechos de acceso, rectificaci\u00f3n, supresi\u00f3n, portabilidad y la limitaci\u00f3n u oposici\u00f3n enviando solicitud firmada por correo postal con asunto \u201cProtecci\u00f3n de Datos\u201d, a la direcci\u00f3n: <\/span><\/span><span style=\"font-family: Arial, serif;\">C\/ Caputxines, 7 Bajos. 07003. Palma de Mallorca, Baleares<\/span><span style=\"font-family: Arial, serif;\">, <\/span><span style=\"font-family: Arial, serif;\"><span lang=\"es-ES\">indicando claramente los datos de contacto y remitiendo copia de su documento de identidad o enviando solicitud por email con asunto \u201cEjercicio de Derechos\u201d, a<\/span><\/span> <span style=\"font-family: Arial, serif;\"><span lang=\"es-ES\">arquitectos@garcia-ruiz.com, desde la misma cuenta de email que facilit\u00f3. Los Usuarios tienen derecho a retirar el consentimiento prestado y tienen derecho a reclamar ante la Autoridad de Control (Agencia Espa\u00f1ola de Protecci\u00f3n de Datos www.aepd.es).<\/span><\/span><\/span><\/span><\/p>\r\n<p class=\"western\" lang=\"es-ES-u-co-trad\" align=\"justify\"><span style=\"font-family: Calibri, serif;\"><span style=\"font-size: small;\"><span style=\"font-family: Arial, serif;\"><u>6. Acceso y rectificaci\u00f3n de los datos personales<\/u><\/span><\/span><\/span><\/p>\r\n<p class=\"western\" lang=\"es-ES-u-co-trad\" align=\"justify\"><span style=\"font-family: Calibri, serif;\"><span style=\"font-size: small;\"><span style=\"font-family: Arial, serif;\">El Usuario se compromete a proporcionar informaci\u00f3n cierta en relaci\u00f3n con sus datos personales, y mantener los datos facilitados al Titular siempre actualizados. El Usuario responder\u00e1, en cualquier caso, de la veracidad de los datos facilitados, reserv\u00e1ndose el Titular el derecho de excluir de los servicios a todo Usuario que haya facilitado datos falsos, sin perjuicio de las dem\u00e1s acciones que procedan en Derecho. Los datos facilitados por el Usuario se presumir\u00e1n correctos, por lo que, en caso de env\u00edo err\u00f3neo de sus datos por parte del Usuario, el Titular, declina cualquier responsabilidad en caso de la incorrecta ejecuci\u00f3n o no ejecuci\u00f3n del env\u00edo, as\u00ed como el incorrecto cumplimiento de los tr\u00e1mites administrativos necesarios.<\/span><\/span><\/span><\/p>\r\n<p class=\"western\" lang=\"es-ES-u-co-trad\" align=\"justify\"><span style=\"font-family: Calibri, serif;\"><span style=\"font-size: small;\"><span style=\"font-family: Arial, serif;\"><u>7. Comunicaci\u00f3n de datos personales<\/u><\/span><\/span><\/span><\/p>\r\n<p class=\"western\" lang=\"es-ES-u-co-trad\" align=\"justify\"><span style=\"font-family: Calibri, serif;\"><span style=\"font-size: small;\"><span style=\"font-family: Arial, serif;\">En relaci\u00f3n a la gesti\u00f3n de los servicios, los datos de los Usuarios podr\u00e1n ser tratados por empresas que presten al Titular diversos servicios, entre otros, de env\u00edo, mensajer\u00eda, contabilidad, asesor\u00eda, mantenimiento inform\u00e1tico, o cualquier otro que por su condici\u00f3n de Encargada del Tratamiento sea indispensable o inevitable que accedan o traten estos datos. Este tratamiento no ser\u00e1 considerado en ning\u00fan caso una cesi\u00f3n de datos.<\/span><\/span><\/span><\/p>\r\n<p class=\"western\" lang=\"es-ES-u-co-trad\" align=\"justify\"><span style=\"font-family: Calibri, serif;\"><span style=\"font-size: small;\"><span style=\"font-family: Arial, serif;\">El Titular no ceder\u00e1 sus datos a terceras personas en ning\u00fan caso.<\/span><\/span><\/span><\/p>\r\n<p class=\"western\" lang=\"es-ES-u-co-trad\" align=\"justify\"><span style=\"font-family: Calibri, serif;\"><span style=\"font-size: small;\"><span style=\"font-family: Arial, serif;\"><u>8. Confidencialidad<\/u><\/span><\/span><\/span><\/p>\r\n<p class=\"western\" lang=\"es-ES-u-co-trad\" align=\"justify\"><span style=\"font-family: Calibri, serif;\"><span style=\"font-size: small;\"><span style=\"font-family: Arial, serif;\">Adem\u00e1s, tambi\u00e9n tendr\u00e1 la condici\u00f3n de confidencial la informaci\u00f3n de cualquier tipo que las partes intercambien entre s\u00ed, aquella que \u00e9stas acuerden que tiene tal naturaleza, o la que simplemente verse sobre el contenido de dicha informaci\u00f3n. La visualizaci\u00f3n de datos a trav\u00e9s de Internet, no supondr\u00e1 el acceso directo a los mismos, salvo consentimiento expreso de su titular para cada ocasi\u00f3n.<\/span><\/span><\/span><\/p>\r\n<p class=\"western\" lang=\"es-ES-u-co-trad\"><span style=\"font-family: Calibri, serif;\"><span style=\"font-size: small;\"><span style=\"font-family: Arial, serif;\"><u>9. Fotograf\u00edas<\/u><\/span><\/span><\/span><\/p>\r\n<p class=\"western\" lang=\"es-ES-u-co-trad\"><span style=\"font-family: Calibri, serif;\"><span style=\"font-size: small;\"><span style=\"font-family: Arial, serif;\">En cumplimiento de lo establecido en la actual normativa de Protecci\u00f3n de Datos de Car\u00e1cter Personal se informa que las fotograf\u00edas en las que aparezcan personas tienen consideraci\u00f3n de dato de car\u00e1cter personal. Con esta comunicaci\u00f3n se informa que en este Sitio Web pueden aparecer fotograf\u00edas de personas con motivos de promoci\u00f3n y que voluntariamente han accedido a ello. Si en alg\u00fan caso, cualquier persona que aparezca en ellas desea que no se muestre alguna fotograf\u00eda, rogamos se pongan en contacto y se proceder\u00e1 a su retirada a la mayor brevedad posible. No ser\u00e1 v\u00e1lido para las personas que han prestado un servicio de forma profesional.<\/span><\/span><\/span><\/p>\r\n<p class=\"western\" lang=\"es-ES-u-co-trad\" align=\"justify\"><br \/><br \/><\/p>\r\n<p class=\"western\" lang=\"es-ES-u-co-trad\" align=\"justify\"><span style=\"font-family: Calibri, serif;\"><span style=\"font-size: small;\"><span style=\"font-family: Arial, serif;\"><span style=\"font-size: large;\"><b>Pol\u00edtica de Cookies<\/b><\/span><\/span><b> <\/b><\/span><\/span><\/p>\r\n<p class=\"western\" lang=\"es-ES-u-co-trad\" align=\"justify\"><span style=\"font-family: Calibri, serif;\"><span style=\"font-size: small;\"><span style=\"font-family: Arial, serif;\">Este Sitio Web no genera actualmente Cookies propias o de terceros de las que sea obligatorio su informaci\u00f3n o consentimiento.<\/span><\/span><\/span><\/p>\r\n<p class=\"western\" lang=\"es-ES-u-co-trad\" align=\"justify\"><br \/><br \/><\/p>","protected":false},"excerpt":{"rendered":"<p>Normativa en materia de Protecci\u00f3n de Datos de car\u00e1cter personal y a respetar la privacidad de los Usuarios. El objetivo es ofrecer el mejor servicio al Usuario y para ello&#8230;<\/p>","protected":false},"author":1,"featured_media":0,"parent":0,"menu_order":0,"comment_status":"closed","ping_status":"closed","template":"","meta":{"_joinchat":[],"footnotes":""},"class_list":["post-3","page","type-page","status-publish"],"_links":{"self":[{"href":"https:\/\/interfonos-antenas-reparaciones.com\/en\/wp-json\/wp\/v2\/pages\/3","targetHints":{"allow":["GET"]}}],"collection":[{"href":"https:\/\/interfonos-antenas-reparaciones.com\/en\/wp-json\/wp\/v2\/pages"}],"about":[{"href":"https:\/\/interfonos-antenas-reparaciones.com\/en\/wp-json\/wp\/v2\/types\/page"}],"author":[{"embeddable":true,"href":"https:\/\/interfonos-antenas-reparaciones.com\/en\/wp-json\/wp\/v2\/users\/1"}],"replies":[{"embeddable":true,"href":"https:\/\/interfonos-antenas-reparaciones.com\/en\/wp-json\/wp\/v2\/comments?post=3"}],"version-history":[{"count":3,"href":"https:\/\/interfonos-antenas-reparaciones.com\/en\/wp-json\/wp\/v2\/pages\/3\/revisions"}],"predecessor-version":[{"id":2469,"href":"https:\/\/interfonos-antenas-reparaciones.com\/en\/wp-json\/wp\/v2\/pages\/3\/revisions\/2469"}],"wp:attachment":[{"href":"https:\/\/interfonos-antenas-reparaciones.com\/en\/wp-json\/wp\/v2\/media?parent=3"}],"curies":[{"name":"wp","href":"https:\/\/api.w.org\/{rel}","templated":true}]}}