{"id":648,"date":"2013-03-23T13:05:14","date_gmt":"2013-03-23T13:05:14","guid":{"rendered":"http:\/\/themenectar.com\/demo\/salient\/?page_id=18"},"modified":"2024-03-05T09:04:19","modified_gmt":"2024-03-05T09:04:19","slug":"en-proves","status":"publish","type":"page","link":"https:\/\/interfonos-antenas-reparaciones.com\/en\/en-proves\/","title":{"rendered":"en proves"},"content":{"rendered":"<div id=\"fws_69e096c588bde\"  data-column-margin=\"default\" data-midnight=\"dark\"  class=\"wpb_row vc_row-fluid vc_row\"  style=\"padding-top: 0px; padding-bottom: 0px; \"><div class=\"row-bg-wrap\" data-bg-animation=\"none\" data-bg-animation-delay=\"\" data-bg-overlay=\"false\"><div class=\"inner-wrap row-bg-layer\" ><div class=\"row-bg viewport-desktop\"  style=\"\"><\/div><\/div><\/div><div class=\"row_col_wrap_12 col span_12 dark left\">\n\t<div  class=\"vc_col-sm-12 wpb_column column_container vc_column_container col no-extra-padding inherit_tablet inherit_phone\"  data-padding-pos=\"all\" data-has-bg-color=\"false\" data-bg-color=\"\" data-bg-opacity=\"1\" data-animation=\"\" data-delay=\"0\" >\n\t\t<div class=\"vc_column-inner\" >\n\t\t\t<div class=\"wpb_wrapper\">\n\t\t\t\t\n\t\t\t<!-- START Tech Slider1 REVOLUTION SLIDER 6.6.20 --><p class=\"rs-p-wp-fix\"><\/p>\n\t\t\t<rs-module-wrap id=\"rev_slider_2_1_wrapper\" data-source=\"gallery\" style=\"visibility:hidden;background:transparent;padding:0;margin:0px auto;margin-top:0;margin-bottom:0;\">\n\t\t\t\t<rs-module id=\"rev_slider_2_1\" style=\"\" data-version=\"6.6.20\">\n\t\t\t\t\t<rs-slides style=\"overflow: hidden; position: absolute;\">\n\t\t\t\t\t\t<rs-slide style=\"position: absolute;\" data-key=\"rs-7\" data-title=\"Slide\" data-duration=\"9000\" data-anim=\"ms:500ms;\" data-in=\"o:0;\" data-out=\"a:false;\">\n\t\t\t\t\t\t\t<img decoding=\"async\" src=\"\/\/interfonos-antenas-reparaciones.com\/wp-content\/plugins\/revslider\/public\/assets\/assets\/dummy.png\" alt=\"\" title=\"sertec (3)\" width=\"1536\" height=\"1025\" class=\"rev-slidebg tp-rs-img rs-lazyload\" data-lazyload=\"\/\/interfonos-antenas-reparaciones.com\/wp-content\/uploads\/2024\/05\/sertec-3.jpg\" data-parallax=\"off\" data-no-retina>\n<!--\n\t\t\t\t\t\t\t--><rs-layer\n\t\t\t\t\t\t\t\tid=\"slider-2-slide-7-layer-9\" \n\t\t\t\t\t\t\t\tdata-type=\"text\"\n\t\t\t\t\t\t\t\tdata-xy=\"xo:146px,146px,146px,17px;yo:76px,76px,76px,20px;\"\n\t\t\t\t\t\t\t\tdata-text=\"w:normal;s:15,15,15,13;l:30,30,30,25;a:left,left,left,center;\"\n\t\t\t\t\t\t\t\tdata-dim=\"w:1019px,1019px,1019px,370px;\"\n\t\t\t\t\t\t\t\tdata-rsp_o=\"off\"\n\t\t\t\t\t\t\t\tdata-rsp_bd=\"off\"\n\t\t\t\t\t\t\t\tdata-margin=\"t:40,40,40,20;\"\n\t\t\t\t\t\t\t\tdata-ford=\"frame_0;frame_1;frame_2;frame_999;\"\n\t\t\t\t\t\t\t\tdata-frame_0=\"y:60px;\"\n\t\t\t\t\t\t\t\tdata-frame_1=\"y:40px;o:0.5;e:power2.in;st:1100;sp:750;sR:1100;\"\n\t\t\t\t\t\t\t\tdata-frame_999=\"st:w;sp:500;sR:5900;auto:true;\"\n\t\t\t\t\t\t\t\tdata-frame_2=\"y:0px;o:1;tp:600px;e:power2.out;st:1850;sp:1250;\"\n\t\t\t\t\t\t\t\tstyle=\"z-index:7;font-family:'Poppins';\"\n\t\t\t\t\t\t\t>\nRealizamos Instalaci\u00f3n y mantenimiento de antenas terrestres y de Sat\u00e9lite. para particulares, comunidades e industria.<\/br><\/br>  Contratos de Mantenimiento para comunidades y particulares e ind\u00fastria.<\/br> Instalaci\u00f3n y reparaci\u00f3n de porteros electr\u00f3nicos, Interfonos, intercomunicaci\u00f3n y videoporteros de todas las marcas.<\/br> Instalaci\u00f3n y mantenimiento de circuitos cerrados de televisi\u00f3n CCTV.<\/br><\/br>  Servicio t\u00e9cnico y de mantenimiento a comunidades y particulares.<\/br> <\/br> Nuestro servicio de reparaci\u00f3n e instalaci\u00f3n, dan cobertura a toda la comarca del Maresme: Mongat, Alella, Tei\u00e0, Masnou, Premi\u00e0 de Mar, Vilassar de Mar, Vilassar de Dalt, Cabrils, Cabrera, Argentona, Dosrius, Orrius, Llavaneres, Sant Vicen\u00e7 de Montalt, Canet de Mar, Arenys de Mar, Arenys de Munt, Pineda de Mar, tota la Vallalta, Sant Pol, Calella, Santa Susanna, Malgrat de Mar i Tordera. <\/br> <\/br> Somos un equipo de profesionales, formados y capacitados para resolver cualquier problema de car\u00e1cter t\u00e9cnico que se pueda presentar a vuestra comunidad de vecinos, empresa o residencia. Tenemos como proveedores los fabricantes m\u00e1s prestigiosos del mercado, a la vez que mantenemos siempre una l\u00ednea de evoluci\u00f3n constante. <\/br> <\/br> Empresa inscrita en el Registro de instaladores de Telecomunicaciones de Catalunya con  el n\u00famero 22.489. \n\t\t\t\t\t\t\t<\/rs-layer><!--\n-->\t\t\t\t\t\t<\/rs-slide>\n\t\t\t\t\t<\/rs-slides>\n\t\t\t\t<\/rs-module>\n\t\t\t\t<script>\n\t\t\t\t\tsetREVStartSize({c: 'rev_slider_2_1',rl:[1240,1240,1240,480],el:[800,800,800,950],gw:[1240,1240,1240,480],gh:[800,800,800,950],type:'standard',justify:'',layout:'fullwidth',mh:\"0\"});if (window.RS_MODULES!==undefined && window.RS_MODULES.modules!==undefined && window.RS_MODULES.modules[\"revslider21\"]!==undefined) {window.RS_MODULES.modules[\"revslider21\"].once = false;window.revapi2 = undefined;if (window.RS_MODULES.checkMinimal!==undefined) window.RS_MODULES.checkMinimal()}\n\t\t\t\t<\/script>\n\t\t\t<\/rs-module-wrap>\n\t\t\t<!-- END REVOLUTION SLIDER -->\n\n\t\t\t<\/div> \n\t\t<\/div>\n\t<\/div> \n<\/div><\/div>","protected":false},"excerpt":{"rendered":"Realizamos Instalaci\u00f3n y mantenimiento de antenas terrestres y de Sat\u00e9lite. para particulares, comunidades e industria. Contratos de Mantenimiento para comunidades y particulares e ind\u00fastria. Instalaci\u00f3n y reparaci\u00f3n de porteros electr\u00f3nicos,...","protected":false},"author":1,"featured_media":0,"parent":0,"menu_order":0,"comment_status":"open","ping_status":"closed","template":"","meta":{"_joinchat":[],"footnotes":""},"class_list":["post-648","page","type-page","status-publish"],"_links":{"self":[{"href":"https:\/\/interfonos-antenas-reparaciones.com\/en\/wp-json\/wp\/v2\/pages\/648","targetHints":{"allow":["GET"]}}],"collection":[{"href":"https:\/\/interfonos-antenas-reparaciones.com\/en\/wp-json\/wp\/v2\/pages"}],"about":[{"href":"https:\/\/interfonos-antenas-reparaciones.com\/en\/wp-json\/wp\/v2\/types\/page"}],"author":[{"embeddable":true,"href":"https:\/\/interfonos-antenas-reparaciones.com\/en\/wp-json\/wp\/v2\/users\/1"}],"replies":[{"embeddable":true,"href":"https:\/\/interfonos-antenas-reparaciones.com\/en\/wp-json\/wp\/v2\/comments?post=648"}],"version-history":[{"count":4,"href":"https:\/\/interfonos-antenas-reparaciones.com\/en\/wp-json\/wp\/v2\/pages\/648\/revisions"}],"predecessor-version":[{"id":1931,"href":"https:\/\/interfonos-antenas-reparaciones.com\/en\/wp-json\/wp\/v2\/pages\/648\/revisions\/1931"}],"wp:attachment":[{"href":"https:\/\/interfonos-antenas-reparaciones.com\/en\/wp-json\/wp\/v2\/media?parent=648"}],"curies":[{"name":"wp","href":"https:\/\/api.w.org\/{rel}","templated":true}]}}